{"id":86,"date":"2025-10-23T23:02:32","date_gmt":"2025-10-23T21:02:32","guid":{"rendered":"https:\/\/www.mariasilviabottani.com\/xa\/?page_id=86"},"modified":"2025-11-15T11:20:18","modified_gmt":"2025-11-15T10:20:18","slug":"informazioni-legali-e-privacy-policy","status":"publish","type":"page","link":"https:\/\/www.mariasilviabottani.com\/xa\/?page_id=86","title":{"rendered":"Informazioni legali e privacy policy"},"content":{"rendered":"\n<h2 class=\"wp-block-heading\">Informazioni legali<\/h2>\n\n\n\n<p>I testi, le informazioni e gli altri dati pubblicati in questo sito nonch\u00e8 i link ad altri siti presenti sul web hanno esclusivamente scopo informativo e non assumono alcun carattere di ufficialit\u00e0. Non assume alcuna responsabilit\u00e0 per eventuali errori od omissioni di qualsiasi tipo e per qualunque tipo di danno diretto, indiretto o accidentale derivante dalla lettura o dall&#8217;impiego delle informazioni pubblicate, o di qualsiasi forma di contenuto presente nel sito o per l&#8217;accesso o uso del materiale contenuto in altri siti.<\/p>\n\n\n\n<h3 class=\"wp-block-heading\">Informativa privacy ai sensi degli artt. 13-14 del Regolamento Europeo \u201cPrivacy\u201d (GDPR)<\/h3>\n\n\n\n<p>I dati personali da Lei inseriti, sono trattati da DR.SSA MARIA SILVIA BOTTANI P. IVA 11101730965 in qualit\u00e0 di Titolare, per finalit\u00e0 connesse alla fornitura dei servizi da Lei richiesti (a titolo esemplificativo: richiedere informazioni, registrarsi al sito per ricevere vantaggi e offerte, ottenere preventivi, effettuare pagamenti, acquistare beni e riceverli presso un domicilio da Lei indicato, effettuare una prenotazione, scambiare documenti).<br>Inoltre, i dati da Lei forniti, potrebbero essere trattati, solo su Suo esplicito consenso, al fine di inviarLe comunicazioni di natura commerciale via email o sms relativamente ai servizi offerti dal Titolare.<br>Nel primo caso, la base giuridica del trattamento \u00e8 l\u2019esecuzione di un accordo; nel secondo caso \u00e8 il consenso. I trattamenti avverranno con modalit\u00e0 elettroniche e verranno messi a disposizione delle terze parti (Responsabili Esterni del trattamento) nell\u2019ambito dell\u2019Unione Europea o in Paesi extra UE, regolarmente contrattualizzate e che offrono adeguate garanzie di sicurezza, necessarie per la fornitura di servizi essenziali al soddisfacimento delle Sue esigenze. Tali Responsabili Esterni, il cui elenco \u00e8 disponibile dietro richiesta, possono appartenere a categorie di soggetti che supportano il<br>Titolare nell\u2019erogazione dei servizi offerti tramite il presente sito (quali, a titolo esemplificativo: sviluppatori software e gestori di siti web, spedizionieri). Inoltre saranno trattati per finalit\u00e0 di analisi statistiche e di marketing diretto, in maniera anonima, come meglio specificato dalla cookie policy. Trattasi pertanto di trattamenti legittimi e necessari ad assicurarLe un servizio che risponda alle Sue aspettative. I dati saranno conservati per tutta la durata dei servizi da Lei richiesti o per periodi superiori solo se previsti dalle norme. In ogni momento Lei potr\u00e0 esercitare i diritti previsti agli articoli 15-22 del GDPR contattando il titolare del presente sito.<\/p>\n\n\n\n<h3 class=\"wp-block-heading\">INFORMATIVA ESTESA SUI COOKIE<\/h3>\n\n\n\n<p>Questo sito utilizza cookie tecnici per migliorarne l\u2019esperienza di navigazione e consentire a chi naviga di usufruire dei nostri servizi online.<\/p>\n\n\n\n<h3 class=\"wp-block-heading\">Cosa sono i cookies<\/h3>\n\n\n\n<p>I cookies sono piccoli file di testo che vengono automaticamente posizionati sul dispositivo all&#8217;interno del browser. Essi contengono informazioni di base sulla navigazione in Internet e grazie al browser vengono riconosciuti ogni volta che l&#8217;utente visita il sito. Di seguito vengono forniti dettagli sui cookie installati da questo sito e indicazioni su come gestire le preferenze in merito ad essi.<\/p>\n\n\n\n<h2 class=\"wp-block-heading\">Gestione dei cookie<\/h2>\n\n\n\n<p>1 \u2013 Cookie tecnici<br>I cookie tecnici descritti qui di seguito non richiedono consenso perci\u00f2 vengono installati automaticamente a seguito dell\u2019accesso al sito.<br>\u2013 Cookie necessari al funzionamento:\u00a0cookies che permettono al sito di funzionare correttamente anche consentendo all\u2019utente di avere un\u2019esperienza di navigazione funzionale. Ad esempio,<br>mantengono l&#8217;utente collegato durante la navigazione evitando che il sito richieda di collegarsi pi\u00f9 volte per accedere alle pagine successive.<br>\u2013 Cookie per il salvataggio delle preferenze:\u00a0cookie che permettono di ricordare le preferenze selezionate dall\u2019utente durante la navigazione, ad esempio, consentono di impostare la lingua.<br>\u2013 Cookie statistici e di misurazione dell&#8217;audience:\u00a0cookie che aiutano a capire, attraverso dati raccolti in forma anonima e aggregata, come gli utenti interagiscono con il sito internet fornendo informazioni relative alle sezioni visitate, il tempo trascorso sul sito, eventuali malfunzionamenti.<br>2 \u2013 Cookie di terze parti<br>Per informazioni relative a questi cookie di terze parti e la gestione del consenso sono disponibili gli appositi link delle tabelle riportate pi\u00f9 sotto. Inoltre accedendo alla pagina\u00a0http:\/\/www.youronlinechoices.com\/it\/le-tue-scelte\u00a0\u00e8 possibile informarsi sulla pubblicit\u00e0 comportamentale oltre che disattivare o attivare i cookie delle societ\u00e0 elencate che lavorano con i<br>gestori dei siti web per raccogliere e utilizzare informazioni utili alla fruizione della pubblicit\u00e0.<\/p>\n\n\n\n<h3 class=\"wp-block-heading\">3 \u2013 Ricordati che puoi gestire le tue preferenze sui cookie anche attraverso il browser<\/h3>\n\n\n\n<p><em>Se si utilizza <\/em>Microsoft Edge<br>In Microsoft Edge, fare clic su \u201cPreferenze\u201d e selazionare \u201cPrivacy\u201d. Nella scheda Privacy, spostare il cursore verso l\u2019alto per bloccare tutti i cookie o verso il basso per consentire tutti i cookie, e quindi fare clic su OK.<\/p>\n\n\n\n<p><em>Se si utilizza il browser Firefox<\/em><br>Scegliere il men\u00f9 \u201cStrumenti\u201d del browser e selezionare il menu \u201cOpzioni\u201d. Fare clic sulla scheda \u201cPrivacy\u201d. Nell\u2019elenco a discesa \u201cRegole di conservazione\u201d selezionare il livello desiderato. Spuntare la casella \u201cAccettare i cookie\u201d per attivare i cookie, o togliere la spunta per disattivarli. Scegliere per quanto tempo i cookie possono essere conservati.<\/p>\n\n\n\n<p><em>Se si utilizza il browser Safari<\/em><br>Cliccare nel Men\u00f9 Safari, selezionare il menu \u201cModifica\u201d e selezionare \u201cPreferences\u201d. Cliccare su \u201cPrivacy\u201d. Posizionare l\u2019impostazione \u201ccookies Block\u201d e fare clic su OK.<\/p>\n\n\n\n<p><em>Se si utilizza il browser Google Chrome<\/em><br>Cliccare sul menu Chrome nella barra degli strumenti del browser. Selezionare \u201cImpostazioni\u201d. Cliccare su \u201cMostra impostazioni avanzate\u201d. Nella sezione \u201cPrivacy\u201d, cliccare su \u201cImpostazioni contenuti\u201d. Nella sezione \u201cCookies\u201d, selezionare \u201cImpedisci a tutti i siti di salvare i dati\u201d e quindi fare clic su OK.<\/p>\n\n\n\n<p>Se usi un qualsiasi altro browser o non conosci il tipo e versione di browser che stai utilizzando, clicca \u201cAiuto\u201d nella finestra del browser in alto, da cui puoi accedere a tutte le informazioni necessarie.<\/p>\n\n\n\n<p>Ai sensi degli art. 15-22 del GDPR, l\u2019utente ha il diritto di richiedere, scrivendo all\u2019indirizzo del titolare del presente sito, l\u2019accesso ai suoi dati personali, la rettifica o la cancellazione degli stessi o anche semplicemente la limitazione del loro trattamento (anonimizzazione) o proporre reclamo all\u2019Autorit\u00e0 Garante per la Protezione dei Dati, qualora ritenesse siano stati violati i suoi diritti.<\/p>\n\n\n\n<p><\/p>\n","protected":false},"excerpt":{"rendered":"<p>Informazioni legali I testi, le informazioni e gli altri dati pubblicati in questo sito nonch\u00e8 i link ad altri siti presenti sul web hanno esclusivamente scopo informativo e non assumono [&hellip;]<\/p>\n","protected":false},"author":1,"featured_media":0,"parent":0,"menu_order":0,"comment_status":"closed","ping_status":"closed","template":"","meta":{"footnotes":""},"class_list":["post-86","page","type-page","status-publish","hentry"],"_links":{"self":[{"href":"https:\/\/www.mariasilviabottani.com\/xa\/index.php?rest_route=\/wp\/v2\/pages\/86","targetHints":{"allow":["GET"]}}],"collection":[{"href":"https:\/\/www.mariasilviabottani.com\/xa\/index.php?rest_route=\/wp\/v2\/pages"}],"about":[{"href":"https:\/\/www.mariasilviabottani.com\/xa\/index.php?rest_route=\/wp\/v2\/types\/page"}],"author":[{"embeddable":true,"href":"https:\/\/www.mariasilviabottani.com\/xa\/index.php?rest_route=\/wp\/v2\/users\/1"}],"replies":[{"embeddable":true,"href":"https:\/\/www.mariasilviabottani.com\/xa\/index.php?rest_route=%2Fwp%2Fv2%2Fcomments&post=86"}],"version-history":[{"count":5,"href":"https:\/\/www.mariasilviabottani.com\/xa\/index.php?rest_route=\/wp\/v2\/pages\/86\/revisions"}],"predecessor-version":[{"id":102,"href":"https:\/\/www.mariasilviabottani.com\/xa\/index.php?rest_route=\/wp\/v2\/pages\/86\/revisions\/102"}],"wp:attachment":[{"href":"https:\/\/www.mariasilviabottani.com\/xa\/index.php?rest_route=%2Fwp%2Fv2%2Fmedia&parent=86"}],"curies":[{"name":"wp","href":"https:\/\/api.w.org\/{rel}","templated":true}]}}